{"id":1085,"date":"2019-12-03T11:19:16","date_gmt":"2019-12-03T09:19:16","guid":{"rendered":"http:\/\/www.herbigpliezhausen.de\/?page_id=1085"},"modified":"2019-12-05T19:06:13","modified_gmt":"2019-12-05T17:06:13","slug":"information-und-buchung","status":"publish","type":"page","link":"https:\/\/www.herbigpliezhausen.de\/?page_id=1085","title":{"rendered":"Buchung"},"content":{"rendered":"\n<p>Schreiben Sie uns&nbsp; oder rufen Sie uns an, wenn Sie mehr \u00fcber unsere \nFerienwohnung und dieses idyllische Fleckchen Erde wissen m\u00f6chten. Sie \nerreichen uns unter:<\/p>\n\n\n\n<p>Margarete und G\u00fcnter Herbig<br>Charlottenstrasse 10<br><strong>72124 Pliezhausen<\/strong><\/p>\n\n\n\n<p>Mobil: 0172 \/ 970 28 69<br><a href=\"mailto:info@fewo-nordsee-herbig.de\">mherbig@outlook.com<\/a><\/p>\n\n\n\n<div style=\"height:100px\" aria-hidden=\"true\" class=\"wp-block-spacer\"><\/div>\n\n\n\n<figure class=\"wp-block-gallery columns-6 is-cropped wp-block-gallery-1 is-layout-flex wp-block-gallery-is-layout-flex\"><ul class=\"blocks-gallery-grid\"><li class=\"blocks-gallery-item\"><figure><img loading=\"lazy\" decoding=\"async\" width=\"610\" height=\"320\" src=\"http:\/\/www.herbigpliezhausen.de\/wp-content\/uploads\/2011\/01\/Segelschiffe-610x320.jpg\" alt=\"\" data-id=\"433\" data-link=\"http:\/\/www.herbigpliezhausen.de\/?attachment_id=433\" class=\"wp-image-433\" srcset=\"https:\/\/www.herbigpliezhausen.de\/wp-content\/uploads\/2011\/01\/Segelschiffe-610x320.jpg 610w, https:\/\/www.herbigpliezhausen.de\/wp-content\/uploads\/2011\/01\/Segelschiffe-610x320-300x157.jpg 300w\" sizes=\"auto, (max-width: 610px) 100vw, 610px\" \/><figcaption class=\"blocks-gallery-item__caption\">Norddeich Fischerboote<\/figcaption><\/figure><\/li><li class=\"blocks-gallery-item\"><figure><img loading=\"lazy\" decoding=\"async\" width=\"610\" height=\"320\" src=\"http:\/\/www.herbigpliezhausen.de\/wp-content\/uploads\/2011\/01\/Spielplatz-am-Strand-610x320.jpg\" alt=\"\" data-id=\"436\" data-link=\"http:\/\/www.herbigpliezhausen.de\/?attachment_id=436\" class=\"wp-image-436\" srcset=\"https:\/\/www.herbigpliezhausen.de\/wp-content\/uploads\/2011\/01\/Spielplatz-am-Strand-610x320.jpg 610w, https:\/\/www.herbigpliezhausen.de\/wp-content\/uploads\/2011\/01\/Spielplatz-am-Strand-610x320-300x157.jpg 300w\" sizes=\"auto, (max-width: 610px) 100vw, 610px\" \/><figcaption class=\"blocks-gallery-item__caption\">Norddeich Spielstrand<\/figcaption><\/figure><\/li><li class=\"blocks-gallery-item\"><figure><img loading=\"lazy\" decoding=\"async\" width=\"610\" height=\"320\" src=\"http:\/\/www.herbigpliezhausen.de\/wp-content\/uploads\/2011\/01\/RundgangbeimYachthafen-610x320.jpg\" alt=\"\" data-id=\"427\" data-link=\"http:\/\/www.herbigpliezhausen.de\/?attachment_id=427\" class=\"wp-image-427\" srcset=\"https:\/\/www.herbigpliezhausen.de\/wp-content\/uploads\/2011\/01\/RundgangbeimYachthafen-610x320.jpg 610w, https:\/\/www.herbigpliezhausen.de\/wp-content\/uploads\/2011\/01\/RundgangbeimYachthafen-610x320-300x157.jpg 300w\" sizes=\"auto, (max-width: 610px) 100vw, 610px\" \/><figcaption class=\"blocks-gallery-item__caption\">Norddeich Hafenrundgang<\/figcaption><\/figure><\/li><li class=\"blocks-gallery-item\"><figure><img loading=\"lazy\" decoding=\"async\" width=\"610\" height=\"320\" src=\"http:\/\/www.herbigpliezhausen.de\/wp-content\/uploads\/2011\/01\/Pilsum-Leuchtturm-610x320.jpg\" alt=\"\" data-id=\"420\" data-link=\"http:\/\/www.herbigpliezhausen.de\/?attachment_id=420\" class=\"wp-image-420\" srcset=\"https:\/\/www.herbigpliezhausen.de\/wp-content\/uploads\/2011\/01\/Pilsum-Leuchtturm-610x320.jpg 610w, https:\/\/www.herbigpliezhausen.de\/wp-content\/uploads\/2011\/01\/Pilsum-Leuchtturm-610x320-300x157.jpg 300w\" sizes=\"auto, (max-width: 610px) 100vw, 610px\" \/><figcaption class=\"blocks-gallery-item__caption\">Pilsumer Leuchtturm<\/figcaption><\/figure><\/li><li class=\"blocks-gallery-item\"><figure><img loading=\"lazy\" decoding=\"async\" width=\"610\" height=\"320\" src=\"http:\/\/www.herbigpliezhausen.de\/wp-content\/uploads\/2011\/01\/Norddeich-Freibad-610x320.jpg\" alt=\"\" data-id=\"406\" data-link=\"http:\/\/www.herbigpliezhausen.de\/?attachment_id=406\" class=\"wp-image-406\" srcset=\"https:\/\/www.herbigpliezhausen.de\/wp-content\/uploads\/2011\/01\/Norddeich-Freibad-610x320.jpg 610w, https:\/\/www.herbigpliezhausen.de\/wp-content\/uploads\/2011\/01\/Norddeich-Freibad-610x320-300x157.jpg 300w\" sizes=\"auto, (max-width: 610px) 100vw, 610px\" \/><\/figure><\/li><li class=\"blocks-gallery-item\"><figure><img loading=\"lazy\" decoding=\"async\" width=\"610\" height=\"320\" src=\"http:\/\/www.herbigpliezhausen.de\/wp-content\/uploads\/2011\/01\/Juist-Blick-vom-Hinterdeich-610x320.jpg\" alt=\"\" data-id=\"379\" data-link=\"http:\/\/www.herbigpliezhausen.de\/?attachment_id=379\" class=\"wp-image-379\" srcset=\"https:\/\/www.herbigpliezhausen.de\/wp-content\/uploads\/2011\/01\/Juist-Blick-vom-Hinterdeich-610x320.jpg 610w, https:\/\/www.herbigpliezhausen.de\/wp-content\/uploads\/2011\/01\/Juist-Blick-vom-Hinterdeich-610x320-300x157.jpg 300w\" sizes=\"auto, (max-width: 610px) 100vw, 610px\" \/><\/figure><\/li><\/ul><\/figure>\n","protected":false},"excerpt":{"rendered":"<p>Schreiben Sie uns&nbsp; oder rufen Sie uns an, wenn Sie mehr \u00fcber unsere Ferienwohnung und dieses idyllische Fleckchen Erde wissen m\u00f6chten. Sie erreichen uns unter: Margarete und G\u00fcnter HerbigCharlottenstrasse 1072124 Pliezhausen Mobil: 0172 \/ 970 28 69mherbig@outlook.com<\/p>\n","protected":false},"author":1,"featured_media":0,"parent":0,"menu_order":0,"comment_status":"closed","ping_status":"closed","template":"","meta":{"footnotes":""},"class_list":["post-1085","page","type-page","status-publish","hentry"],"_links":{"self":[{"href":"https:\/\/www.herbigpliezhausen.de\/index.php?rest_route=\/wp\/v2\/pages\/1085","targetHints":{"allow":["GET"]}}],"collection":[{"href":"https:\/\/www.herbigpliezhausen.de\/index.php?rest_route=\/wp\/v2\/pages"}],"about":[{"href":"https:\/\/www.herbigpliezhausen.de\/index.php?rest_route=\/wp\/v2\/types\/page"}],"author":[{"embeddable":true,"href":"https:\/\/www.herbigpliezhausen.de\/index.php?rest_route=\/wp\/v2\/users\/1"}],"replies":[{"embeddable":true,"href":"https:\/\/www.herbigpliezhausen.de\/index.php?rest_route=%2Fwp%2Fv2%2Fcomments&post=1085"}],"version-history":[{"count":6,"href":"https:\/\/www.herbigpliezhausen.de\/index.php?rest_route=\/wp\/v2\/pages\/1085\/revisions"}],"predecessor-version":[{"id":1168,"href":"https:\/\/www.herbigpliezhausen.de\/index.php?rest_route=\/wp\/v2\/pages\/1085\/revisions\/1168"}],"wp:attachment":[{"href":"https:\/\/www.herbigpliezhausen.de\/index.php?rest_route=%2Fwp%2Fv2%2Fmedia&parent=1085"}],"curies":[{"name":"wp","href":"https:\/\/api.w.org\/{rel}","templated":true}]}}