{"id":80,"date":"2019-10-05T11:37:14","date_gmt":"2019-10-05T09:37:14","guid":{"rendered":"http:\/\/www.herbigpliezhausen.de\/?page_id=80"},"modified":"2019-12-05T19:04:39","modified_gmt":"2019-12-05T17:04:39","slug":"impressum","status":"publish","type":"page","link":"https:\/\/www.herbigpliezhausen.de\/?page_id=80","title":{"rendered":"Impressum"},"content":{"rendered":"<p>Verantwortlich f\u00fcr die Inhalte<\/p>\n<p>G\u00fcnter und Maggy Herbig<\/p>\n<p>Charlottenstrasse 10<\/p>\n<p>72124 Pliezhausen<\/p>\n<p>Mobil: 0172\/9702869<\/p>\n<p>info@fewo-nordsee-herbig.de<\/p>\n<p><strong>Konzept &amp; Redaktionelle Inhalte<\/strong><\/p>\n<p><strong>Haftungshinweis<\/strong><\/p>\n<p>Trotz sorgf\u00e4ltiger inhaltlicher Kontrolle \u00fcbernehmen wir keine Haftung f\u00fcr die Inhalte evtl. externer Links. F\u00fcr den Inhalt der verlinkten Seiten sind ausschlie\u00dflich deren Betreiber verantwortlich. Hiermit distanzieren wir uns von allen Inhalten der verlinkten Seiten und von allen Inhalten der Seiten, die Sie \u00fcber diese erreichen k\u00f6nnen.<\/p>\n<p><strong>Urheberrecht<\/strong><\/p>\n<p>Alle Inhalte dieser Website sind urheberrechtlich gesch\u00fctzt. Jegliche Nutzung von Inhalten, Texten, Grafiken und Bildern dieser Website ist ohne ausdr\u00fcckliche schriftliche Zustimmung von www.fewo-nordsee-herbig.de unzul\u00e4ssig. Dies gilt insbesondere f\u00fcr die Verbreitung, Vervielf\u00e4ltigung und \u00f6ffentliche Wiedergabe sowie Speicherung, Bearbeitung oder Ver\u00e4nderung. Alle Rechte bleiben vorbehalten.<\/p>\n<p><a href=\"http:\/\/www.herbigpliezhausen.de\/?page_id=1035\">Link zur Datenschutzerkl\u00e4rung<\/a><\/p>\n","protected":false},"excerpt":{"rendered":"<p>Verantwortlich f\u00fcr die Inhalte G\u00fcnter und Maggy Herbig Charlottenstrasse 10 72124 Pliezhausen Mobil: 0172\/9702869 info@fewo-nordsee-herbig.de Konzept &amp; Redaktionelle Inhalte Haftungshinweis Trotz sorgf\u00e4ltiger inhaltlicher Kontrolle \u00fcbernehmen wir keine Haftung f\u00fcr die Inhalte evtl. externer Links. F\u00fcr den Inhalt der verlinkten Seiten sind ausschlie\u00dflich deren Betreiber verantwortlich. Hiermit distanzieren wir uns von allen Inhalten der verlinkten Seiten und von allen Inhalten der &hellip;<\/p>\n","protected":false},"author":1,"featured_media":0,"parent":0,"menu_order":8,"comment_status":"closed","ping_status":"closed","template":"","meta":{"footnotes":""},"class_list":["post-80","page","type-page","status-publish","hentry"],"_links":{"self":[{"href":"https:\/\/www.herbigpliezhausen.de\/index.php?rest_route=\/wp\/v2\/pages\/80","targetHints":{"allow":["GET"]}}],"collection":[{"href":"https:\/\/www.herbigpliezhausen.de\/index.php?rest_route=\/wp\/v2\/pages"}],"about":[{"href":"https:\/\/www.herbigpliezhausen.de\/index.php?rest_route=\/wp\/v2\/types\/page"}],"author":[{"embeddable":true,"href":"https:\/\/www.herbigpliezhausen.de\/index.php?rest_route=\/wp\/v2\/users\/1"}],"replies":[{"embeddable":true,"href":"https:\/\/www.herbigpliezhausen.de\/index.php?rest_route=%2Fwp%2Fv2%2Fcomments&post=80"}],"version-history":[{"count":11,"href":"https:\/\/www.herbigpliezhausen.de\/index.php?rest_route=\/wp\/v2\/pages\/80\/revisions"}],"predecessor-version":[{"id":1141,"href":"https:\/\/www.herbigpliezhausen.de\/index.php?rest_route=\/wp\/v2\/pages\/80\/revisions\/1141"}],"wp:attachment":[{"href":"https:\/\/www.herbigpliezhausen.de\/index.php?rest_route=%2Fwp%2Fv2%2Fmedia&parent=80"}],"curies":[{"name":"wp","href":"https:\/\/api.w.org\/{rel}","templated":true}]}}